{"id":2151,"date":"2021-10-19T09:30:51","date_gmt":"2021-10-19T09:30:51","guid":{"rendered":"https:\/\/vegit.es\/cart\/"},"modified":"2022-06-06T09:29:34","modified_gmt":"2022-06-06T09:29:34","slug":"cart","status":"publish","type":"page","link":"https:\/\/vegit.es\/en\/cart\/","title":{"rendered":"Cart"},"content":{"rendered":"<p><a href=\"https:\/\/vegit.es\/en\/menu\/\" role=\"button\"><br \/>\n\t\t\t\t\t\tContinue shopping<br \/>\n\t\t\t\t\t<\/a><br \/>\n\t\t<div class=\"woocommerce\"><div class=\"woocommerce-notices-wrapper\"><\/div><div class=\"wc-empty-cart-message\">\n\t<div class=\"cart-empty woocommerce-info\" role=\"status\">\n\t\tYour cart is currently empty.\t<\/div>\n<\/div><\/div>\n<p><strong>Delivery cost:<\/strong> \u20ac1,90 per day<\/p>\n<h2>You may also like&#8230;<\/h2>\n<p>\t<img loading=\"lazy\" decoding=\"async\" width=\"500\" height=\"260\" src=\"https:\/\/vegit.es\/wp-content\/uploads\/2021\/09\/lunes.png\" alt=\"\" loading=\"lazy\" srcset=\"https:\/\/vegit.es\/wp-content\/uploads\/2021\/09\/lunes.png 500w, https:\/\/vegit.es\/wp-content\/uploads\/2021\/09\/lunes-300x156.png 300w\" sizes=\"auto, (max-width: 500px) 100vw, 500px\" \/><\/p>\n<h5 ><a href=\"https:\/\/vegit.es\/producto\/menu-de-lunes\/\" target=\"_blank\" rel=\"noopener\">Men\u00fa de Lunes<\/a><\/h5>\n<p><bdi>8,50&euro;<\/bdi><br \/>\n\t\t\t<a href=\"https:\/\/vegit.es\/producto\/menu-de-lunes\/\" target=\"_blank\" rel=\"noopener\"><\/a><br \/>\n\t<img loading=\"lazy\" decoding=\"async\" width=\"500\" height=\"260\" src=\"https:\/\/vegit.es\/wp-content\/uploads\/2021\/09\/martes.png\" alt=\"\" loading=\"lazy\" srcset=\"https:\/\/vegit.es\/wp-content\/uploads\/2021\/09\/martes.png 500w, https:\/\/vegit.es\/wp-content\/uploads\/2021\/09\/martes-300x156.png 300w\" sizes=\"auto, (max-width: 500px) 100vw, 500px\" \/><\/p>\n<h5 ><a href=\"https:\/\/vegit.es\/producto\/menu-de-martes\/\" target=\"_blank\" rel=\"noopener\">Men\u00fa de Martes<\/a><\/h5>\n<p><bdi>8,50&euro;<\/bdi><br \/>\n\t\t\t<a href=\"https:\/\/vegit.es\/producto\/menu-de-martes\/\" target=\"_blank\" rel=\"noopener\"><\/a><br \/>\n\t<img loading=\"lazy\" decoding=\"async\" width=\"500\" height=\"260\" src=\"https:\/\/vegit.es\/wp-content\/uploads\/2021\/09\/miercoles.png\" alt=\"\" loading=\"lazy\" srcset=\"https:\/\/vegit.es\/wp-content\/uploads\/2021\/09\/miercoles.png 500w, https:\/\/vegit.es\/wp-content\/uploads\/2021\/09\/miercoles-300x156.png 300w\" sizes=\"auto, (max-width: 500px) 100vw, 500px\" \/><\/p>\n<h5 ><a href=\"https:\/\/vegit.es\/producto\/menu-de-miercoles\/\" target=\"_blank\" rel=\"noopener\">Men\u00fa de Mi\u00e9rcoles<\/a><\/h5>\n<p><bdi>8,50&euro;<\/bdi> &ndash; <bdi>10,90&euro;<\/bdi><br \/>\n\t\t\t<a href=\"https:\/\/vegit.es\/producto\/menu-de-miercoles\/\" target=\"_blank\" rel=\"noopener\"><\/a><br \/>\n\t<img loading=\"lazy\" decoding=\"async\" width=\"500\" height=\"260\" src=\"https:\/\/vegit.es\/wp-content\/uploads\/2021\/09\/jueves.png\" alt=\"\" loading=\"lazy\" srcset=\"https:\/\/vegit.es\/wp-content\/uploads\/2021\/09\/jueves.png 500w, https:\/\/vegit.es\/wp-content\/uploads\/2021\/09\/jueves-300x156.png 300w\" sizes=\"auto, (max-width: 500px) 100vw, 500px\" \/><\/p>\n<h5 ><a href=\"https:\/\/vegit.es\/producto\/menu-de-jueves\/\" target=\"_blank\" rel=\"noopener\">Men\u00fa de Jueves<\/a><\/h5>\n<p><bdi>8,50&euro;<\/bdi> &ndash; <bdi>10,90&euro;<\/bdi><br \/>\n\t\t\t<a href=\"https:\/\/vegit.es\/producto\/menu-de-jueves\/\" target=\"_blank\" rel=\"noopener\"><\/a><br \/>\n\t<img loading=\"lazy\" decoding=\"async\" width=\"500\" height=\"260\" src=\"https:\/\/vegit.es\/wp-content\/uploads\/2021\/09\/viernes.png\" alt=\"\" loading=\"lazy\" srcset=\"https:\/\/vegit.es\/wp-content\/uploads\/2021\/09\/viernes.png 500w, https:\/\/vegit.es\/wp-content\/uploads\/2021\/09\/viernes-300x156.png 300w\" sizes=\"auto, (max-width: 500px) 100vw, 500px\" \/><\/p>\n<h5 ><a href=\"https:\/\/vegit.es\/producto\/menu-de-viernes\/\" target=\"_blank\" rel=\"noopener\">Men\u00fa de Viernes<\/a><\/h5>\n<p><bdi>8,50&euro;<\/bdi><br \/>\n\t\t\t<a href=\"https:\/\/vegit.es\/producto\/menu-de-viernes\/\" target=\"_blank\" rel=\"noopener\"><\/a><\/p>\n","protected":false},"excerpt":{"rendered":"<p>Continue shopping Delivery cost: \u20ac1,90 per day You may also like&#8230; Men\u00fa de Lunes 8,50&euro; Men\u00fa de Martes 8,50&euro; Men\u00fa de Mi\u00e9rcoles 8,50&euro; &ndash; 10,90&euro; Men\u00fa de Jueves 8,50&euro; &ndash; 10,90&euro; Men\u00fa de Viernes 8,50&euro;<\/p>\n","protected":false},"author":1,"featured_media":0,"parent":0,"menu_order":0,"comment_status":"closed","ping_status":"closed","template":"","meta":{"_acf_changed":false,"footnotes":""},"class_list":["post-2151","page","type-page","status-publish","hentry"],"acf":[],"_links":{"self":[{"href":"https:\/\/vegit.es\/en\/wp-json\/wp\/v2\/pages\/2151","targetHints":{"allow":["GET"]}}],"collection":[{"href":"https:\/\/vegit.es\/en\/wp-json\/wp\/v2\/pages"}],"about":[{"href":"https:\/\/vegit.es\/en\/wp-json\/wp\/v2\/types\/page"}],"author":[{"embeddable":true,"href":"https:\/\/vegit.es\/en\/wp-json\/wp\/v2\/users\/1"}],"replies":[{"embeddable":true,"href":"https:\/\/vegit.es\/en\/wp-json\/wp\/v2\/comments?post=2151"}],"version-history":[{"count":0,"href":"https:\/\/vegit.es\/en\/wp-json\/wp\/v2\/pages\/2151\/revisions"}],"wp:attachment":[{"href":"https:\/\/vegit.es\/en\/wp-json\/wp\/v2\/media?parent=2151"}],"curies":[{"name":"wp","href":"https:\/\/api.w.org\/{rel}","templated":true}]}}