{"id":2612,"date":"2021-10-27T16:06:58","date_gmt":"2021-10-27T16:06:58","guid":{"rendered":"https:\/\/vegit.es\/?page_id=2612"},"modified":"2024-11-13T17:16:23","modified_gmt":"2024-11-13T17:16:23","slug":"catering-2","status":"publish","type":"page","link":"https:\/\/vegit.es\/en\/catering-2\/","title":{"rendered":"Catering"},"content":{"rendered":"<h1>Trendy, fresh and tasty for your events.<\/h1>\n<p>A catering service in Barcelona entirely dedicated to vegetarian and plant-based food<\/p>\n<p>\t\t\t\t\t<a href=\"https:\/\/vegit.es\/catering\/#contact\"><br \/>\n\t\t\t\t\t\t\t\t\tContact Us<br \/>\n\t\t\t\t\t<\/a><\/p>\n<h4>Buscamos con productos locales y de temporada representar los mejores sabores, texturas y colores para tu evento. Procesamos los ingredientes al m\u00ednimo para mantener sus valores nutricionales y consistencia de manera que sean saludables.<\/h4>\n<p><\/p>\n<h4>Nuestra experiencia en la exploraci\u00f3n de la sostenibilidad y la calidad, combinada con nuestras t\u00e9cnicas de cocina y preparaci\u00f3n de platos, crean un plato sabroso y genuino.<br \/><\/h4>\n<p>\t\t\t\t\t\t\t\t\t\t\t\t\t<img fetchpriority=\"high\" decoding=\"async\" width=\"768\" height=\"1024\" src=\"https:\/\/vegit.es\/wp-content\/uploads\/2024\/11\/IMG_5024-768x1024.jpg\" alt=\"\" srcset=\"https:\/\/vegit.es\/wp-content\/uploads\/2024\/11\/IMG_5024-768x1024.jpg 768w, https:\/\/vegit.es\/wp-content\/uploads\/2024\/11\/IMG_5024-225x300.jpg 225w, https:\/\/vegit.es\/wp-content\/uploads\/2024\/11\/IMG_5024-1152x1536.jpg 1152w, https:\/\/vegit.es\/wp-content\/uploads\/2024\/11\/IMG_5024-scaled.jpg 1536w, https:\/\/vegit.es\/wp-content\/uploads\/2024\/11\/IMG_5024-600x800.jpg 600w\" sizes=\"(max-width: 768px) 100vw, 768px\" \/>\t\t\t\t\t\t\t\t\t\t\t\t\t<\/p>\n<h3>Catering for companies &amp; coworkings<\/h3>\n<p>Whether it is a breakfast, coffee break or lunch between meetings, our dishes will be gasoline for the whole team. Discover our catalogue and surprise your team.<\/p>\n<p>\t\t\t\t\t<a href=\"https:\/\/vegit.es\/wp-content\/uploads\/2024\/10\/catalogo-2024-8.pdf\"><br \/>\n\t\t\t\t\t\t\t\t\tCATALOGUE<br \/>\n\t\t\t\t\t<\/a><\/p>\n<h3>Catering <br \/> for retreats<\/h3>\n<p>We collaborate with wellbeing centers for workshops and retreats. We are experts in healthy, light and energetic food, the perfect ally of yoga practice.<\/p>\n<p>\t\t\t\t\t\t\t\t\t\t\t\t\t<img decoding=\"async\" width=\"2048\" height=\"1536\" src=\"https:\/\/vegit.es\/wp-content\/uploads\/2021\/10\/IMG_4390-scaled.jpg\" alt=\"\" srcset=\"https:\/\/vegit.es\/wp-content\/uploads\/2021\/10\/IMG_4390-scaled.jpg 2048w, https:\/\/vegit.es\/wp-content\/uploads\/2021\/10\/IMG_4390-300x225.jpg 300w, https:\/\/vegit.es\/wp-content\/uploads\/2021\/10\/IMG_4390-1024x768.jpg 1024w, https:\/\/vegit.es\/wp-content\/uploads\/2021\/10\/IMG_4390-768x576.jpg 768w, https:\/\/vegit.es\/wp-content\/uploads\/2021\/10\/IMG_4390-1536x1152.jpg 1536w, https:\/\/vegit.es\/wp-content\/uploads\/2021\/10\/IMG_4390-600x450.jpg 600w\" sizes=\"auto, (max-width: 2048px) 100vw, 2048px\" loading=\"lazy\" \/><br \/>\n\t\t\t\t\t\t\t\t\t\t\t\t\t<img decoding=\"async\" width=\"2048\" height=\"1365\" src=\"https:\/\/vegit.es\/wp-content\/uploads\/2021\/10\/EW_20180605_036.jpg\" alt=\"\" srcset=\"https:\/\/vegit.es\/wp-content\/uploads\/2021\/10\/EW_20180605_036.jpg 2048w, https:\/\/vegit.es\/wp-content\/uploads\/2021\/10\/EW_20180605_036-300x200.jpg 300w, https:\/\/vegit.es\/wp-content\/uploads\/2021\/10\/EW_20180605_036-1024x683.jpg 1024w, https:\/\/vegit.es\/wp-content\/uploads\/2021\/10\/EW_20180605_036-768x512.jpg 768w, https:\/\/vegit.es\/wp-content\/uploads\/2021\/10\/EW_20180605_036-1536x1024.jpg 1536w, https:\/\/vegit.es\/wp-content\/uploads\/2021\/10\/EW_20180605_036-600x400.jpg 600w\" sizes=\"auto, (max-width: 2048px) 100vw, 2048px\" loading=\"lazy\" \/>\t\t\t\t\t\t\t\t\t\t\t\t\t<\/p>\n<h3>Catering for private events<\/h3>\n<p>A birthday, an anniversary, a wedding. They are all moments to remember and to share. Feel free to contact us for a gastronomic proposal totally adapted to your event.<\/p>\n<p><\/p>\n<p>\t\t\t\t\t<a href=\"https:\/\/vegit.es\/wp-content\/uploads\/2024\/10\/catalogo-2024-8.pdf\"><br \/>\n\t\t\t\t\t\t\t\t\tCATALOGUE<br \/>\n\t\t\t\t\t<\/a><\/p>\n<h2>Some moments of our events&#8230;<\/h2>\n<p>\t\t\t\t\t\t\t\t\t\t\t\t\t<img loading=\"lazy\" decoding=\"async\" width=\"768\" height=\"512\" src=\"https:\/\/vegit.es\/wp-content\/uploads\/2024\/01\/PIXAN-STORIES-1367-768x512.jpg\" alt=\"\" srcset=\"https:\/\/vegit.es\/wp-content\/uploads\/2024\/01\/PIXAN-STORIES-1367-768x512.jpg 768w, https:\/\/vegit.es\/wp-content\/uploads\/2024\/01\/PIXAN-STORIES-1367-300x200.jpg 300w, https:\/\/vegit.es\/wp-content\/uploads\/2024\/01\/PIXAN-STORIES-1367-1024x683.jpg 1024w, https:\/\/vegit.es\/wp-content\/uploads\/2024\/01\/PIXAN-STORIES-1367-1536x1024.jpg 1536w, https:\/\/vegit.es\/wp-content\/uploads\/2024\/01\/PIXAN-STORIES-1367-scaled.jpg 2048w, https:\/\/vegit.es\/wp-content\/uploads\/2024\/01\/PIXAN-STORIES-1367-600x400.jpg 600w\" sizes=\"auto, (max-width: 768px) 100vw, 768px\" \/><br \/>\n\t\t\t\t\t\t\t\t\t\t\t\t\t<img loading=\"lazy\" decoding=\"async\" width=\"768\" height=\"1148\" src=\"https:\/\/vegit.es\/wp-content\/uploads\/2024\/01\/IMG_2925-768x1148.jpg\" alt=\"\" srcset=\"https:\/\/vegit.es\/wp-content\/uploads\/2024\/01\/IMG_2925-768x1148.jpg 768w, https:\/\/vegit.es\/wp-content\/uploads\/2024\/01\/IMG_2925-201x300.jpg 201w, https:\/\/vegit.es\/wp-content\/uploads\/2024\/01\/IMG_2925-685x1024.jpg 685w, https:\/\/vegit.es\/wp-content\/uploads\/2024\/01\/IMG_2925-1027x1536.jpg 1027w, https:\/\/vegit.es\/wp-content\/uploads\/2024\/01\/IMG_2925-600x897.jpg 600w, https:\/\/vegit.es\/wp-content\/uploads\/2024\/01\/IMG_2925.jpg 1179w\" sizes=\"auto, (max-width: 768px) 100vw, 768px\" \/><br \/>\n\t\t\t\t\t\t\t\t\t\t\t\t\t<img loading=\"lazy\" decoding=\"async\" width=\"1024\" height=\"768\" src=\"https:\/\/vegit.es\/wp-content\/uploads\/2024\/01\/IMG_2378-1024x768.jpg\" alt=\"\" srcset=\"https:\/\/vegit.es\/wp-content\/uploads\/2024\/01\/IMG_2378-1024x768.jpg 1024w, https:\/\/vegit.es\/wp-content\/uploads\/2024\/01\/IMG_2378-300x225.jpg 300w, https:\/\/vegit.es\/wp-content\/uploads\/2024\/01\/IMG_2378-768x576.jpg 768w, https:\/\/vegit.es\/wp-content\/uploads\/2024\/01\/IMG_2378-1536x1152.jpg 1536w, https:\/\/vegit.es\/wp-content\/uploads\/2024\/01\/IMG_2378-scaled.jpg 2048w, https:\/\/vegit.es\/wp-content\/uploads\/2024\/01\/IMG_2378-600x450.jpg 600w\" sizes=\"auto, (max-width: 1024px) 100vw, 1024px\" \/><br \/>\n\t\t\t\t\t\t\t\t\t\t\t\t\t<img loading=\"lazy\" decoding=\"async\" width=\"768\" height=\"1024\" src=\"https:\/\/vegit.es\/wp-content\/uploads\/2024\/01\/IMG_2386-768x1024.jpg\" alt=\"\" srcset=\"https:\/\/vegit.es\/wp-content\/uploads\/2024\/01\/IMG_2386-768x1024.jpg 768w, https:\/\/vegit.es\/wp-content\/uploads\/2024\/01\/IMG_2386-225x300.jpg 225w, https:\/\/vegit.es\/wp-content\/uploads\/2024\/01\/IMG_2386-1152x1536.jpg 1152w, https:\/\/vegit.es\/wp-content\/uploads\/2024\/01\/IMG_2386-scaled.jpg 1536w, https:\/\/vegit.es\/wp-content\/uploads\/2024\/01\/IMG_2386-600x800.jpg 600w\" sizes=\"auto, (max-width: 768px) 100vw, 768px\" \/><br \/>\n\t\t\t\t\t\t\t\t\t\t\t\t\t<img loading=\"lazy\" decoding=\"async\" width=\"683\" height=\"1024\" src=\"https:\/\/vegit.es\/wp-content\/uploads\/2021\/10\/T3A7092-683x1024.jpeg\" alt=\"\" srcset=\"https:\/\/vegit.es\/wp-content\/uploads\/2021\/10\/T3A7092-683x1024.jpeg 683w, https:\/\/vegit.es\/wp-content\/uploads\/2021\/10\/T3A7092-200x300.jpeg 200w, https:\/\/vegit.es\/wp-content\/uploads\/2021\/10\/T3A7092-768x1152.jpeg 768w, https:\/\/vegit.es\/wp-content\/uploads\/2021\/10\/T3A7092-1024x1536.jpeg 1024w, https:\/\/vegit.es\/wp-content\/uploads\/2021\/10\/T3A7092-600x900.jpeg 600w, https:\/\/vegit.es\/wp-content\/uploads\/2021\/10\/T3A7092.jpeg 1365w\" sizes=\"auto, (max-width: 683px) 100vw, 683px\" \/><br \/>\n\t\t\t\t\t\t\t\t\t\t\t\t\t<img loading=\"lazy\" decoding=\"async\" width=\"683\" height=\"1024\" src=\"https:\/\/vegit.es\/wp-content\/uploads\/2024\/01\/PIXAN-STORIES-1233-683x1024.jpg\" alt=\"\" srcset=\"https:\/\/vegit.es\/wp-content\/uploads\/2024\/01\/PIXAN-STORIES-1233-683x1024.jpg 683w, https:\/\/vegit.es\/wp-content\/uploads\/2024\/01\/PIXAN-STORIES-1233-200x300.jpg 200w, https:\/\/vegit.es\/wp-content\/uploads\/2024\/01\/PIXAN-STORIES-1233-768x1152.jpg 768w, https:\/\/vegit.es\/wp-content\/uploads\/2024\/01\/PIXAN-STORIES-1233-1024x1536.jpg 1024w, https:\/\/vegit.es\/wp-content\/uploads\/2024\/01\/PIXAN-STORIES-1233-scaled.jpg 1365w, https:\/\/vegit.es\/wp-content\/uploads\/2024\/01\/PIXAN-STORIES-1233-600x900.jpg 600w\" sizes=\"auto, (max-width: 683px) 100vw, 683px\" \/><br \/>\n\t\t\t\t\t\t\t\t\t\t\t\t\t<img loading=\"lazy\" decoding=\"async\" width=\"768\" height=\"1024\" src=\"https:\/\/vegit.es\/wp-content\/uploads\/2024\/01\/IMG_2034-2-768x1024.jpg\" alt=\"\" srcset=\"https:\/\/vegit.es\/wp-content\/uploads\/2024\/01\/IMG_2034-2-768x1024.jpg 768w, https:\/\/vegit.es\/wp-content\/uploads\/2024\/01\/IMG_2034-2-225x300.jpg 225w, https:\/\/vegit.es\/wp-content\/uploads\/2024\/01\/IMG_2034-2-1152x1536.jpg 1152w, https:\/\/vegit.es\/wp-content\/uploads\/2024\/01\/IMG_2034-2-scaled.jpg 1536w, https:\/\/vegit.es\/wp-content\/uploads\/2024\/01\/IMG_2034-2-600x800.jpg 600w\" sizes=\"auto, (max-width: 768px) 100vw, 768px\" \/><br \/>\n\t\t\t\t\t\t\t\t\t\t\t\t\t<img loading=\"lazy\" decoding=\"async\" width=\"1024\" height=\"683\" src=\"https:\/\/vegit.es\/wp-content\/uploads\/2021\/10\/EW_20180605_022-1-1024x683.jpg\" alt=\"\" srcset=\"https:\/\/vegit.es\/wp-content\/uploads\/2021\/10\/EW_20180605_022-1-1024x683.jpg 1024w, https:\/\/vegit.es\/wp-content\/uploads\/2021\/10\/EW_20180605_022-1-300x200.jpg 300w, https:\/\/vegit.es\/wp-content\/uploads\/2021\/10\/EW_20180605_022-1-768x512.jpg 768w, https:\/\/vegit.es\/wp-content\/uploads\/2021\/10\/EW_20180605_022-1-1536x1024.jpg 1536w, https:\/\/vegit.es\/wp-content\/uploads\/2021\/10\/EW_20180605_022-1-600x400.jpg 600w, https:\/\/vegit.es\/wp-content\/uploads\/2021\/10\/EW_20180605_022-1.jpg 2048w\" sizes=\"auto, (max-width: 1024px) 100vw, 1024px\" \/><br \/>\n\t\t\t\t\t\t\t\t\t\t\t\t\t<img loading=\"lazy\" decoding=\"async\" width=\"1024\" height=\"683\" src=\"https:\/\/vegit.es\/wp-content\/uploads\/2021\/10\/postresyplanta-1024x683.jpeg\" alt=\"\" srcset=\"https:\/\/vegit.es\/wp-content\/uploads\/2021\/10\/postresyplanta-1024x683.jpeg 1024w, https:\/\/vegit.es\/wp-content\/uploads\/2021\/10\/postresyplanta-300x200.jpeg 300w, https:\/\/vegit.es\/wp-content\/uploads\/2021\/10\/postresyplanta-768x512.jpeg 768w, https:\/\/vegit.es\/wp-content\/uploads\/2021\/10\/postresyplanta-1536x1024.jpeg 1536w, https:\/\/vegit.es\/wp-content\/uploads\/2021\/10\/postresyplanta-600x400.jpeg 600w, https:\/\/vegit.es\/wp-content\/uploads\/2021\/10\/postresyplanta.jpeg 2048w\" sizes=\"auto, (max-width: 1024px) 100vw, 1024px\" \/><br \/>\n\t\t\t\t\t\t\t\t\t\t\t\t\t<img loading=\"lazy\" decoding=\"async\" width=\"1000\" height=\"668\" src=\"https:\/\/vegit.es\/wp-content\/uploads\/2021\/10\/Vegit-Catering-June-5-Unedited-171_websize.jpeg\" alt=\"\" srcset=\"https:\/\/vegit.es\/wp-content\/uploads\/2021\/10\/Vegit-Catering-June-5-Unedited-171_websize.jpeg 1000w, https:\/\/vegit.es\/wp-content\/uploads\/2021\/10\/Vegit-Catering-June-5-Unedited-171_websize-300x200.jpeg 300w, https:\/\/vegit.es\/wp-content\/uploads\/2021\/10\/Vegit-Catering-June-5-Unedited-171_websize-768x513.jpeg 768w, https:\/\/vegit.es\/wp-content\/uploads\/2021\/10\/Vegit-Catering-June-5-Unedited-171_websize-600x401.jpeg 600w\" sizes=\"auto, (max-width: 1000px) 100vw, 1000px\" \/><\/p>\n","protected":false},"excerpt":{"rendered":"<p>Trendy, fresh and tasty for your events. A catering service in Barcelona entirely dedicated to vegetarian and plant-based food Contact Us Buscamos con productos locales y de temporada representar los mejores sabores, texturas y colores para tu evento. Procesamos los ingredientes al m\u00ednimo para mantener sus valores nutricionales y consistencia de manera que sean saludables. [&hellip;]<\/p>\n","protected":false},"author":1,"featured_media":0,"parent":0,"menu_order":0,"comment_status":"closed","ping_status":"closed","template":"full-width.php","meta":{"_acf_changed":false,"footnotes":""},"class_list":["post-2612","page","type-page","status-publish","hentry"],"acf":[],"_links":{"self":[{"href":"https:\/\/vegit.es\/en\/wp-json\/wp\/v2\/pages\/2612","targetHints":{"allow":["GET"]}}],"collection":[{"href":"https:\/\/vegit.es\/en\/wp-json\/wp\/v2\/pages"}],"about":[{"href":"https:\/\/vegit.es\/en\/wp-json\/wp\/v2\/types\/page"}],"author":[{"embeddable":true,"href":"https:\/\/vegit.es\/en\/wp-json\/wp\/v2\/users\/1"}],"replies":[{"embeddable":true,"href":"https:\/\/vegit.es\/en\/wp-json\/wp\/v2\/comments?post=2612"}],"version-history":[{"count":0,"href":"https:\/\/vegit.es\/en\/wp-json\/wp\/v2\/pages\/2612\/revisions"}],"wp:attachment":[{"href":"https:\/\/vegit.es\/en\/wp-json\/wp\/v2\/media?parent=2612"}],"curies":[{"name":"wp","href":"https:\/\/api.w.org\/{rel}","templated":true}]}}